{"id":13,"date":"2023-06-06T11:35:49","date_gmt":"2023-06-06T09:35:49","guid":{"rendered":"https:\/\/kadence.web03.webtohosting.dk\/?page_id=13"},"modified":"2026-03-06T09:35:52","modified_gmt":"2026-03-06T08:35:52","slug":"contact","status":"publish","type":"page","link":"https:\/\/kronkommunikation.com\/en\/contact\/","title":{"rendered":"Contact"},"content":{"rendered":"<style>.kb-row-layout-id13_40b614-28 > .kt-row-column-wrap{align-content:start;}:where(.kb-row-layout-id13_40b614-28 > .kt-row-column-wrap) > .wp-block-kadence-column{justify-content:start;}.kb-row-layout-id13_40b614-28 > .kt-row-column-wrap{column-gap:var(--global-kb-gap-lg, 4rem);row-gap:var(--global-kb-gap-lg, 4rem);max-width:var( --global-content-width, 1350px );padding-left:var(--global-content-edge-padding);padding-right:var(--global-content-edge-padding);padding-top:var(--global-kb-spacing-3xl, 6.5rem);padding-bottom:var(--global-kb-spacing-3xl, 6.5rem);min-height:600px;}.kb-row-layout-id13_40b614-28 > .kt-row-column-wrap > *:nth-child(3n of *:not(style)){grid-column:1 \/ -1;}.kb-row-layout-id13_40b614-28 > .kt-row-column-wrap{grid-template-columns:repeat(2, minmax(0, 1fr));}.kb-row-layout-id13_40b614-28 > .kt-row-layout-overlay{opacity:0.30;}@media all and (max-width: 1024px){.kb-row-layout-id13_40b614-28 > .kt-row-column-wrap{column-gap:var(--global-kb-gap-md, 2rem);row-gap:var(--global-kb-gap-md, 2rem);padding-top:var(--global-kb-spacing-xl, 4rem);padding-bottom:var(--global-kb-spacing-xl, 4rem);grid-template-columns:repeat(2, minmax(0, 1fr));}}@media all and (max-width: 1024px){.kb-row-layout-id13_40b614-28 > .kt-row-column-wrap > *:nth-child(3n of *:not(style)){grid-column:1 \/ -1;}}@media all and (max-width: 767px){.kb-row-layout-id13_40b614-28 > .kt-row-column-wrap{column-gap:var(--global-kb-gap-md, 2rem);row-gap:var(--global-kb-gap-md, 2rem);padding-top:var(--global-kb-spacing-lg, 3rem);padding-bottom:var(--global-kb-spacing-lg, 3rem);grid-template-columns:minmax(0, 1fr);}.kb-row-layout-id13_40b614-28 > .kt-row-column-wrap > div:not(.added-for-specificity){grid-column:initial;}}<\/style><div class=\"kb-row-layout-wrap kb-row-layout-id13_40b614-28 alignnone kt-row-has-bg wp-block-kadence-rowlayout\"><div class=\"kt-row-column-wrap kt-has-3-columns kt-row-layout-last-row kt-tab-layout-inherit kt-mobile-layout-row kt-row-valign-top kb-theme-content-width\">\n<style>.kadence-column13_3544e9-ad > .kt-inside-inner-col,.kadence-column13_3544e9-ad > .kt-inside-inner-col:before{border-top-left-radius:0px;border-top-right-radius:0px;border-bottom-right-radius:0px;border-bottom-left-radius:0px;}.kadence-column13_3544e9-ad > .kt-inside-inner-col{column-gap:var(--global-kb-gap-sm, 1rem);}.kadence-column13_3544e9-ad > .kt-inside-inner-col{flex-direction:column;}.kadence-column13_3544e9-ad > .kt-inside-inner-col > .aligncenter{width:100%;}.kadence-column13_3544e9-ad > .kt-inside-inner-col:before{opacity:0.3;}.kadence-column13_3544e9-ad{position:relative;}@media all and (max-width: 1024px){.kadence-column13_3544e9-ad > .kt-inside-inner-col{flex-direction:column;justify-content:center;}}@media all and (max-width: 767px){.kadence-column13_3544e9-ad > .kt-inside-inner-col{flex-direction:column;justify-content:center;}}<\/style>\n<div class=\"wp-block-kadence-column kadence-column13_3544e9-ad\"><div class=\"kt-inside-inner-col\"><style>.wp-block-kadence-advancedheading.kt-adv-heading13_3c8227-4b, .wp-block-kadence-advancedheading.kt-adv-heading13_3c8227-4b[data-kb-block=\"kb-adv-heading13_3c8227-4b\"]{max-width:600px;padding-top:0px;margin-top:0px;font-size:var(--global-kb-font-size-xl, 3rem);font-style:normal;}.wp-block-kadence-advancedheading.kt-adv-heading13_3c8227-4b mark.kt-highlight, .wp-block-kadence-advancedheading.kt-adv-heading13_3c8227-4b[data-kb-block=\"kb-adv-heading13_3c8227-4b\"] mark.kt-highlight{font-style:normal;color:var(--global-palette1, #3182CE);-webkit-box-decoration-break:clone;box-decoration-break:clone;padding-top:0px;padding-right:0px;padding-bottom:0px;padding-left:0px;}.wp-block-kadence-advancedheading.kt-adv-heading13_3c8227-4b img.kb-inline-image, .wp-block-kadence-advancedheading.kt-adv-heading13_3c8227-4b[data-kb-block=\"kb-adv-heading13_3c8227-4b\"] img.kb-inline-image{width:150px;vertical-align:baseline;}@media all and (max-width: 767px){.wp-block-kadence-advancedheading.kt-adv-heading13_3c8227-4b, .wp-block-kadence-advancedheading.kt-adv-heading13_3c8227-4b[data-kb-block=\"kb-adv-heading13_3c8227-4b\"]{font-size:var(--global-kb-font-size-lg, 2rem);}}<\/style>\n<h2 class=\"kt-adv-heading13_3c8227-4b wp-block-kadence-advancedheading\" data-kb-block=\"kb-adv-heading13_3c8227-4b\">Do you need help with PR and communication?<\/h2>\n\n\n<style>.wp-block-kadence-advancedheading.kt-adv-heading13_1a3069-5e, .wp-block-kadence-advancedheading.kt-adv-heading13_1a3069-5e[data-kb-block=\"kb-adv-heading13_1a3069-5e\"]{font-style:normal;}.wp-block-kadence-advancedheading.kt-adv-heading13_1a3069-5e mark.kt-highlight, .wp-block-kadence-advancedheading.kt-adv-heading13_1a3069-5e[data-kb-block=\"kb-adv-heading13_1a3069-5e\"] mark.kt-highlight{font-style:normal;color:#f76a0c;-webkit-box-decoration-break:clone;box-decoration-break:clone;padding-top:0px;padding-right:0px;padding-bottom:0px;padding-left:0px;}.wp-block-kadence-advancedheading.kt-adv-heading13_1a3069-5e img.kb-inline-image, .wp-block-kadence-advancedheading.kt-adv-heading13_1a3069-5e[data-kb-block=\"kb-adv-heading13_1a3069-5e\"] img.kb-inline-image{width:150px;vertical-align:baseline;}<\/style>\n<p class=\"kt-adv-heading13_1a3069-5e wp-block-kadence-advancedheading\" data-kb-block=\"kb-adv-heading13_1a3069-5e\">Would you like to learn more about the opportunities in the Danish market? Feel free to get in touch \u2014 I am always happy to have an informal, non-committal conversation, whether you are a potential client or a valued contact looking for a sparring partner.<\/p>\n\n\n<style>.wp-block-kadence-advancedheading.kt-adv-heading13_cdfbec-0f, .wp-block-kadence-advancedheading.kt-adv-heading13_cdfbec-0f[data-kb-block=\"kb-adv-heading13_cdfbec-0f\"]{margin-top:0px;margin-right:0px;margin-bottom:var(--global-kb-spacing-xs, 1rem);margin-left:0px;font-size:var(--global-kb-font-size-md, 1.25rem);font-style:normal;}.wp-block-kadence-advancedheading.kt-adv-heading13_cdfbec-0f[data-kb-block=\"kb-adv-heading13_cdfbec-0f\"]{display:flex;gap:0.25em;align-items:center;}.wp-block-kadence-advancedheading.kt-adv-heading13_cdfbec-0f[data-kb-block=\"kb-adv-heading13_cdfbec-0f\"] .kb-adv-heading-icon svg{width:1em;height:1em;}.wp-block-kadence-advancedheading.kt-adv-heading13_cdfbec-0f mark.kt-highlight, .wp-block-kadence-advancedheading.kt-adv-heading13_cdfbec-0f[data-kb-block=\"kb-adv-heading13_cdfbec-0f\"] mark.kt-highlight{font-style:normal;color:#f76a0c;-webkit-box-decoration-break:clone;box-decoration-break:clone;padding-top:0px;padding-right:0px;padding-bottom:0px;padding-left:0px;}.wp-block-kadence-advancedheading.kt-adv-heading13_cdfbec-0f img.kb-inline-image, .wp-block-kadence-advancedheading.kt-adv-heading13_cdfbec-0f[data-kb-block=\"kb-adv-heading13_cdfbec-0f\"] img.kb-inline-image{width:150px;vertical-align:baseline;}.wp-block-kadence-advancedheading.kt-adv-heading13_cdfbec-0f[data-kb-block=\"kb-adv-heading13_cdfbec-0f\"] a, a.kb-advanced-heading-link.kt-adv-heading-link13_cdfbec-0f{text-decoration:none;}<\/style><a class=\"kb-advanced-heading-link kt-adv-heading-link13_cdfbec-0f hls-none\" href=\"tel:+45%2026%2016%2013%2076\"><p class=\"kt-adv-heading13_cdfbec-0f wp-block-kadence-advancedheading kt-adv-heading-has-icon hls-none has-theme-palette3-color has-text-color\" data-kb-block=\"kb-adv-heading13_cdfbec-0f\"><span class=\"kb-svg-icon-wrap kb-adv-heading-icon kb-svg-icon-fe_phoneCall kb-adv-heading-icon-side-left\"><svg viewbox=\"0 0 24 24\"  fill=\"none\" stroke=\"currentColor\" stroke-width=\"2\" stroke-linecap=\"round\" stroke-linejoin=\"round\" xmlns=\"http:\/\/www.w3.org\/2000\/svg\"  aria-hidden=\"true\"><path d=\"M15.05 5A5 5 0 0 1 19 8.95M15.05 1A9 9 0 0 1 23 8.94m-1 7.98v3a2 2 0 0 1-2.18 2 19.79 19.79 0 0 1-8.63-3.07 19.5 19.5 0 0 1-6-6 19.79 19.79 0 0 1-3.07-8.67A2 2 0 0 1 4.11 2h3a2 2 0 0 1 2 1.72 12.84 12.84 0 0 0 .7 2.81 2 2 0 0 1-.45 2.11L8.09 9.91a16 16 0 0 0 6 6l1.27-1.27a2 2 0 0 1 2.11-.45 12.84 12.84 0 0 0 2.81.7A2 2 0 0 1 22 16.92z\"\/><\/svg><\/span><span class=\"kb-adv-text-inner\">+45 26 16 13 76<\/span><\/p><\/a>\n\n<style>.wp-block-kadence-advancedheading.kt-adv-heading13_3feada-dd, .wp-block-kadence-advancedheading.kt-adv-heading13_3feada-dd[data-kb-block=\"kb-adv-heading13_3feada-dd\"]{margin-top:0px;margin-right:0px;margin-bottom:0px;margin-left:0px;font-size:var(--global-kb-font-size-md, 1.25rem);font-style:normal;}.wp-block-kadence-advancedheading.kt-adv-heading13_3feada-dd[data-kb-block=\"kb-adv-heading13_3feada-dd\"]{display:flex;gap:0.25em;align-items:center;}.wp-block-kadence-advancedheading.kt-adv-heading13_3feada-dd[data-kb-block=\"kb-adv-heading13_3feada-dd\"] .kb-adv-heading-icon svg{width:1em;height:1em;}.wp-block-kadence-advancedheading.kt-adv-heading13_3feada-dd mark.kt-highlight, .wp-block-kadence-advancedheading.kt-adv-heading13_3feada-dd[data-kb-block=\"kb-adv-heading13_3feada-dd\"] mark.kt-highlight{font-style:normal;color:#f76a0c;-webkit-box-decoration-break:clone;box-decoration-break:clone;padding-top:0px;padding-right:0px;padding-bottom:0px;padding-left:0px;}.wp-block-kadence-advancedheading.kt-adv-heading13_3feada-dd img.kb-inline-image, .wp-block-kadence-advancedheading.kt-adv-heading13_3feada-dd[data-kb-block=\"kb-adv-heading13_3feada-dd\"] img.kb-inline-image{width:150px;vertical-align:baseline;}.wp-block-kadence-advancedheading.kt-adv-heading13_3feada-dd[data-kb-block=\"kb-adv-heading13_3feada-dd\"] a, a.kb-advanced-heading-link.kt-adv-heading-link13_3feada-dd{text-decoration:none;}<\/style><a class=\"kb-advanced-heading-link kt-adv-heading-link13_3feada-dd hls-none\" href=\"mailto:akb@kronkommunikation.com\"><p class=\"kt-adv-heading13_3feada-dd wp-block-kadence-advancedheading kt-adv-heading-has-icon hls-none has-theme-palette3-color has-text-color\" data-kb-block=\"kb-adv-heading13_3feada-dd\"><span class=\"kb-svg-icon-wrap kb-adv-heading-icon kb-svg-icon-fe_mail kb-adv-heading-icon-side-left\"><svg viewbox=\"0 0 24 24\"  fill=\"none\" stroke=\"currentColor\" stroke-width=\"2\" stroke-linecap=\"round\" stroke-linejoin=\"round\" xmlns=\"http:\/\/www.w3.org\/2000\/svg\"  aria-hidden=\"true\"><path d=\"M4 4h16c1.1 0 2 .9 2 2v12c0 1.1-.9 2-2 2H4c-1.1 0-2-.9-2-2V6c0-1.1.9-2 2-2z\"\/><polyline points=\"22,6 12,13 2,6\"\/><\/svg><\/span><span class=\"kb-adv-text-inner\">akb@kronkommunikation.com<\/span><\/p><\/a><\/div><\/div>\n\n\n<style>.kadence-column13_92a312-31 > .kt-inside-inner-col{padding-top:var(--global-kb-spacing-md, 2rem);padding-right:var(--global-kb-spacing-md, 2rem);padding-bottom:var(--global-kb-spacing-md, 2rem);padding-left:var(--global-kb-spacing-md, 2rem);}.kadence-column13_92a312-31 > .kt-inside-inner-col,.kadence-column13_92a312-31 > .kt-inside-inner-col:before{border-top-left-radius:2em;border-top-right-radius:2em;border-bottom-right-radius:2em;border-bottom-left-radius:2em;}.kadence-column13_92a312-31 > .kt-inside-inner-col{column-gap:var(--global-kb-gap-sm, 1rem);}.kadence-column13_92a312-31 > .kt-inside-inner-col{flex-direction:column;}.kadence-column13_92a312-31 > .kt-inside-inner-col > .aligncenter{width:100%;}.kadence-column13_92a312-31 > .kt-inside-inner-col{background-color:var(--global-palette7, #EDF2F7);}.kadence-column13_92a312-31 > .kt-inside-inner-col:before{opacity:0.3;}.kadence-column13_92a312-31{position:relative;}@media all and (max-width: 1024px){.kadence-column13_92a312-31 > .kt-inside-inner-col{flex-direction:column;justify-content:center;}}@media all and (max-width: 767px){.kadence-column13_92a312-31 > .kt-inside-inner-col{flex-direction:column;justify-content:center;}}<\/style>\n<div class=\"wp-block-kadence-column kadence-column13_92a312-31\"><div class=\"kt-inside-inner-col\">\n\n<div class=\"wp-block-kadence-advanced-form wp-block-kadence-advanced-form1891-cpt-id kb-adv-form-label-style-infield kb-adv-form-input-size-standard kb-form-basic-style wp-block-kadence-advanced-form\"><form id=\"kb-adv-form-1891-cpt-id\" class=\"kb-advanced-form\" method=\"post\" data-error-message=\"Please review the errors and try again.\" action=\"\">\n<style>.kb-row-layout-id13_10755d-1d > .kt-row-column-wrap{align-content:start;}:where(.kb-row-layout-id13_10755d-1d > .kt-row-column-wrap) > .wp-block-kadence-column{justify-content:start;}.kb-row-layout-id13_10755d-1d > .kt-row-column-wrap{column-gap:var(--global-kb-gap-sm, 1rem);row-gap:var(--global-kb-gap-sm, 1rem);max-width:var( --global-content-width, 1350px );padding-left:var(--global-content-edge-padding);padding-right:var(--global-content-edge-padding);padding-top:0px;padding-right:0px;padding-bottom:0px;padding-left:0px;grid-template-columns:repeat(2, minmax(0, 1fr));}.kb-row-layout-id13_10755d-1d > .kt-row-layout-overlay{opacity:0.30;}@media all and (max-width: 1024px){.kb-row-layout-id13_10755d-1d > .kt-row-column-wrap{column-gap:var(--global-kb-gap-md, 2rem);row-gap:var(--global-kb-gap-md, 2rem);padding-top:0px;padding-right:0px;padding-bottom:0px;padding-left:0px;grid-template-columns:minmax(0, 1fr);}}@media all and (max-width: 767px){.kb-row-layout-id13_10755d-1d > .kt-row-column-wrap{column-gap:var(--global-kb-gap-sm, 1rem);row-gap:var(--global-kb-gap-sm, 1rem);padding-top:0px;padding-right:0px;padding-bottom:0px;padding-left:0px;grid-template-columns:minmax(0, 1fr);}}<\/style><div class=\"kb-row-layout-wrap kb-row-layout-id13_10755d-1d alignnone wp-block-kadence-rowlayout\"><div class=\"kt-row-column-wrap kt-has-2-columns kt-row-layout-equal kt-tab-layout-row kt-mobile-layout-row kt-row-valign-top kb-theme-content-width\">\n<style>.kadence-column13_9305da-db > .kt-inside-inner-col,.kadence-column13_9305da-db > .kt-inside-inner-col:before{border-top-left-radius:0px;border-top-right-radius:0px;border-bottom-right-radius:0px;border-bottom-left-radius:0px;}.kadence-column13_9305da-db > .kt-inside-inner-col{column-gap:var(--global-kb-gap-sm, 1rem);}.kadence-column13_9305da-db > .kt-inside-inner-col{flex-direction:column;}.kadence-column13_9305da-db > .kt-inside-inner-col > .aligncenter{width:100%;}.kadence-column13_9305da-db > .kt-inside-inner-col:before{opacity:0.3;}.kadence-column13_9305da-db{position:relative;}@media all and (max-width: 1024px){.kadence-column13_9305da-db > .kt-inside-inner-col{flex-direction:column;justify-content:center;}}@media all and (max-width: 767px){.kadence-column13_9305da-db > .kt-inside-inner-col{flex-direction:column;justify-content:center;}}<\/style>\n<div class=\"wp-block-kadence-column kadence-column13_9305da-db\"><div class=\"kt-inside-inner-col\"><div class=\"kb-adv-form-field kb-adv-form-text-type-input kb-adv-form-infield-type-input kb-field1891abe897-b1 wp-block-kadence-advanced-form-text\"><label class=\"kb-adv-form-label\" for=\"field1891abe897-b1\">Name<\/label><input name=\"fieldabe897-b1\" id=\"field1891abe897-b1\" data-label=\"Name\" type=\"text\" placeholder=\"\" value=\"\" data-type=\"text\" class=\"kb-field kb-text-field\" data-required=\"no\" \/><\/div><\/div><\/div>\n\n\n<style>.kadence-column13_baee5c-b9 > .kt-inside-inner-col,.kadence-column13_baee5c-b9 > .kt-inside-inner-col:before{border-top-left-radius:0px;border-top-right-radius:0px;border-bottom-right-radius:0px;border-bottom-left-radius:0px;}.kadence-column13_baee5c-b9 > .kt-inside-inner-col{column-gap:var(--global-kb-gap-sm, 1rem);}.kadence-column13_baee5c-b9 > .kt-inside-inner-col{flex-direction:column;}.kadence-column13_baee5c-b9 > .kt-inside-inner-col > .aligncenter{width:100%;}.kadence-column13_baee5c-b9 > .kt-inside-inner-col:before{opacity:0.3;}.kadence-column13_baee5c-b9{position:relative;}@media all and (max-width: 1024px){.kadence-column13_baee5c-b9 > .kt-inside-inner-col{flex-direction:column;justify-content:center;}}@media all and (max-width: 767px){.kadence-column13_baee5c-b9 > .kt-inside-inner-col{flex-direction:column;justify-content:center;}}<\/style>\n<div class=\"wp-block-kadence-column kadence-column13_baee5c-b9\"><div class=\"kt-inside-inner-col\"><div class=\"kb-adv-form-field kb-adv-form-text-type-input kb-adv-form-infield-type-input kb-field18911843cc-b1 wp-block-kadence-advanced-form-email\"><label class=\"kb-adv-form-label\" for=\"field18911843cc-b1\">Email<span class=\"kb-adv-form-required\">*<\/span><\/label><input name=\"field1843cc-b1\" id=\"field18911843cc-b1\" data-label=\"Email\" type=\"email\" placeholder=\"\" value=\"\" data-type=\"email\" class=\"kb-field kb-email-field\" data-required=\"yes\" required aria-required=\"true\"\/><\/div><\/div><\/div>\n\n<\/div><\/div>\n\n<div class=\"kb-adv-form-field kb-adv-form-text-type-input kb-adv-form-infield-type-input kb-field189147b01e-76 wp-block-kadence-advanced-form-textarea\"><label class=\"kb-adv-form-label\" for=\"field189147b01e-76\">Message<span class=\"kb-adv-form-required\">*<\/span><\/label><textarea name=\"field47b01e-76\" id=\"field189147b01e-76\" rows=\"3\"  data-label=\"Message\" placeholder=\"\" data-type=\"textarea\" class=\"kb-field kb-textarea-field\" data-required=\"yes\" required aria-required=\"true\"><\/textarea><\/div>\n\n<style>ul.menu .kb-submit-field .kb-btn676dac-11.kb-button{width:initial;}.kb-submit-field.kb-field676dac-11{justify-content:flex-start;}<\/style><div class=\"kb-adv-form-field kb-submit-field kb-field676dac-11 wp-block-kadence-advanced-form-submit\"><button class=\"kb-button kt-button button kb-adv-form-submit-button kb-btn676dac-11 kt-btn-size-standard kt-btn-width-type-full kb-btn-global-inherit kt-btn-has-text-true kt-btn-has-svg-false wp-block-button__link\" type=\"submit\"><span class=\"kt-btn-inner-text\">Submit<\/span><\/button><\/div>\n<input type=\"hidden\" name=\"_kb_adv_form_post_id\" value=\"1891\"><input type=\"hidden\" name=\"action\" value=\"kb_process_advanced_form_submit\"><input type=\"hidden\" name=\"_kb_adv_form_id\" value=\"1891-cpt-id\"><input type=\"hidden\" name=\"trp-form-language\" value=\"en\"\/><\/form><\/div>\n\n<\/div><\/div>\n\n\n<style>.kadence-column13_8b7e06-9b > .kt-inside-inner-col{min-height:700px;}.kadence-column13_8b7e06-9b > .kt-inside-inner-col,.kadence-column13_8b7e06-9b > .kt-inside-inner-col:before{border-top-left-radius:2em;border-top-right-radius:2em;border-bottom-right-radius:2em;border-bottom-left-radius:2em;}.kadence-column13_8b7e06-9b > .kt-inside-inner-col{column-gap:var(--global-kb-gap-sm, 1rem);}.kadence-column13_8b7e06-9b > .kt-inside-inner-col{flex-direction:column;}.kadence-column13_8b7e06-9b > .kt-inside-inner-col > .aligncenter{width:100%;}.kadence-column13_8b7e06-9b > .kt-inside-inner-col{background-image:url('https:\/\/kronkommunikation.com\/wp-content\/uploads\/Portraet-2.jpg');background-size:cover;background-position:50% 0%;background-attachment:scroll;background-repeat:no-repeat;}.kadence-column13_8b7e06-9b > .kt-inside-inner-col:before{opacity:0.3;}.kadence-column13_8b7e06-9b{position:relative;}@media all and (max-width: 1024px){.kadence-column13_8b7e06-9b > .kt-inside-inner-col{flex-direction:column;justify-content:center;}}@media all and (max-width: 767px){.kadence-column13_8b7e06-9b > .kt-inside-inner-col{flex-direction:column;justify-content:center;}}<\/style>\n<div class=\"wp-block-kadence-column kadence-column13_8b7e06-9b\"><div class=\"kt-inside-inner-col\"><\/div><\/div>\n\n<\/div><\/div>","protected":false},"excerpt":{"rendered":"<p>\u00d8nsker du hj\u00e6lp til PR og kommunikation? Eller vil du videre mere om mulighederne p\u00e5 det danske marked? S\u00e5 er du meget velkommen til at kontakte mig. Jeg tager gerne en uforpligtende snak med s\u00e5vel en potentiel kunde som en god kontakt eller sparringspartner. +45 26 16 13 76 akb@kronkommunikation.com<\/p>","protected":false},"author":1,"featured_media":0,"parent":0,"menu_order":0,"comment_status":"closed","ping_status":"closed","template":"","meta":{"_acf_changed":false,"inline_featured_image":false,"_kad_blocks_custom_css":"","_kad_blocks_head_custom_js":"","_kad_blocks_body_custom_js":"","_kad_blocks_footer_custom_js":"","_kad_post_transparent":"","_kad_post_title":"","_kad_post_layout":"","_kad_post_sidebar_id":"","_kad_post_content_style":"","_kad_post_vertical_padding":"","_kad_post_feature":"","_kad_post_feature_position":"","_kad_post_header":false,"_kad_post_footer":false,"_kad_post_classname":"","footnotes":""},"class_list":["post-13","page","type-page","status-publish","hentry"],"acf":[],"taxonomy_info":[],"featured_image_src_large":false,"author_info":{"display_name":"webto","author_link":"https:\/\/kronkommunikation.com\/en\/author\/webto\/"},"comment_info":0,"_links":{"self":[{"href":"https:\/\/kronkommunikation.com\/en\/wp-json\/wp\/v2\/pages\/13","targetHints":{"allow":["GET"]}}],"collection":[{"href":"https:\/\/kronkommunikation.com\/en\/wp-json\/wp\/v2\/pages"}],"about":[{"href":"https:\/\/kronkommunikation.com\/en\/wp-json\/wp\/v2\/types\/page"}],"author":[{"embeddable":true,"href":"https:\/\/kronkommunikation.com\/en\/wp-json\/wp\/v2\/users\/1"}],"replies":[{"embeddable":true,"href":"https:\/\/kronkommunikation.com\/en\/wp-json\/wp\/v2\/comments?post=13"}],"version-history":[{"count":26,"href":"https:\/\/kronkommunikation.com\/en\/wp-json\/wp\/v2\/pages\/13\/revisions"}],"predecessor-version":[{"id":1917,"href":"https:\/\/kronkommunikation.com\/en\/wp-json\/wp\/v2\/pages\/13\/revisions\/1917"}],"wp:attachment":[{"href":"https:\/\/kronkommunikation.com\/en\/wp-json\/wp\/v2\/media?parent=13"}],"curies":[{"name":"wp","href":"https:\/\/api.w.org\/{rel}","templated":true}]}}